{"id":330,"date":"2016-02-29T13:10:37","date_gmt":"2016-02-29T13:10:37","guid":{"rendered":"http:\/\/test.kriesi.at\/travel\/?page_id=2"},"modified":"2021-10-04T11:52:41","modified_gmt":"2021-10-04T08:52:41","slug":"anasayfa","status":"publish","type":"page","link":"https:\/\/teknocermakina.com\/","title":{"rendered":"Anasayfa"},"content":{"rendered":"<div id='full_slider_1'  class='avia-fullwidth-slider main_color avia-shadow  av-small-hide av-mini-hide  avia-builder-el-0  el_before_av_section  avia-builder-el-first   container_wrap fullsize' style=' '  ><div   data-size='featured_large'  data-lightbox_size='large'  data-animation='slide_up'  data-transition_speed='1000'  data-conditional_play=''  data-ids='1431,1432,1433'  data-video_counter='0'  data-autoplay='true'  data-bg_slider='false'  data-slide_height=''  data-handle='av_slideshow_full'  data-interval='5'  data-class=' '  data-el_id=''  data-css_id=''  data-scroll_down=''  data-control_layout='av-control-minimal'  data-custom_markup=''  data-perma_caption=''  data-autoplay_stopper=''  data-image_attachment=''  data-min_height='0px'  data-lazy_loading='disabled'  data-src=''  data-position='top left'  data-repeat='no-repeat'  data-attach='scroll'  data-stretch=''  data-default-height='42'  class='avia-slideshow avia-slideshow-1  av-control-minimal av-default-height-applied avia-slideshow-featured_large av_slideshow_full   avia-slide_up-slider '  itemprop=\"image\" itemscope=\"itemscope\" itemtype=\"https:\/\/schema.org\/ImageObject\" ><ul class='avia-slideshow-inner ' style='padding-bottom: 49.21875%;' ><li  class=' slide-1 ' ><div data-rel='slideshow-1' class='avia-slide-wrap '   ><img decoding=\"async\" class=\"wp-image-1431 avia-img-lazy-loading-not-1431\"  src=\"https:\/\/teknocermakina.com\/wp-content\/uploads\/2021\/07\/slider2-1280x630.jpg\" width=\"1280\" height=\"630\" title='slider2' alt=''  itemprop=\"thumbnailUrl\"   \/><\/div><\/li><li  class=' slide-2 ' ><div data-rel='slideshow-1' class='avia-slide-wrap '   ><img decoding=\"async\" class=\"wp-image-1432 avia-img-lazy-loading-not-1432\"  src=\"https:\/\/teknocermakina.com\/wp-content\/uploads\/2021\/07\/slider3.jpg\" width=\"1280\" height=\"584\" title='slider3' alt=''  itemprop=\"thumbnailUrl\" srcset=\"https:\/\/teknocermakina.com\/wp-content\/uploads\/2021\/07\/slider3.jpg 1280w, https:\/\/teknocermakina.com\/wp-content\/uploads\/2021\/07\/slider3-300x137.jpg 300w, https:\/\/teknocermakina.com\/wp-content\/uploads\/2021\/07\/slider3-1030x470.jpg 1030w, https:\/\/teknocermakina.com\/wp-content\/uploads\/2021\/07\/slider3-768x350.jpg 768w, https:\/\/teknocermakina.com\/wp-content\/uploads\/2021\/07\/slider3-705x322.jpg 705w\" sizes=\"(max-width: 1280px) 100vw, 1280px\" \/><\/div><\/li><li  class=' slide-3 ' ><div data-rel='slideshow-1' class='avia-slide-wrap '   ><img decoding=\"async\" class=\"wp-image-1433 avia-img-lazy-loading-not-1433\"  src=\"https:\/\/teknocermakina.com\/wp-content\/uploads\/2021\/07\/slider4.jpg\" width=\"1500\" height=\"630\" title='slider4' alt=''  itemprop=\"thumbnailUrl\" srcset=\"https:\/\/teknocermakina.com\/wp-content\/uploads\/2021\/07\/slider4.jpg 1500w, https:\/\/teknocermakina.com\/wp-content\/uploads\/2021\/07\/slider4-300x126.jpg 300w, https:\/\/teknocermakina.com\/wp-content\/uploads\/2021\/07\/slider4-1030x433.jpg 1030w, https:\/\/teknocermakina.com\/wp-content\/uploads\/2021\/07\/slider4-768x323.jpg 768w, https:\/\/teknocermakina.com\/wp-content\/uploads\/2021\/07\/slider4-705x296.jpg 705w\" sizes=\"(max-width: 1500px) 100vw, 1500px\" \/><\/div><\/li><\/ul><div class='avia-slideshow-arrows avia-slideshow-controls'><a href='#prev' class='prev-slide' aria-hidden='true' data-av_icon='\ue87c' data-av_iconfont='entypo-fontello'>\u00d6nceki<\/a><a href='#next' class='next-slide' aria-hidden='true' data-av_icon='\ue87d' data-av_iconfont='entypo-fontello'>Sonraki<\/a><\/div><div class='avia-slideshow-dots avia-slideshow-controls'><a href='#1' class='goto-slide active' >1<\/a><a href='#2' class='goto-slide ' >2<\/a><a href='#3' class='goto-slide ' >3<\/a><\/div><\/div><\/div>\n<div id='av_section_1'  class='avia-section main_color avia-section-large avia-no-border-styling  avia-bg-style-scroll  avia-builder-el-1  el_after_av_slideshow_full  el_before_av_section   container_wrap fullsize' style=' margin-top:-240px; margin-bottom:100px; '  ><div class='container' ><div class='template-page content  av-content-full alpha units'><div class='post-entry post-entry-type-page post-entry-330'><div class='entry-content-wrapper clearfix'>\n<div class='flex_column_table av-equal-height-column-flextable -flextable' style='margin-top:0px; margin-bottom:0px; '><div class=\"flex_column av_one_third  no_margin flex_column_table_cell av-equal-height-column av-align-top first  avia-builder-el-2  el_before_av_one_third  avia-builder-el-first  \" style='background: #0057bf; padding:40px; background-color:#0057bf; border-radius:0px; '><section class=\"av_textblock_section \"  itemscope=\"itemscope\" itemtype=\"https:\/\/schema.org\/CreativeWork\" ><div class='avia_textblock  av_inherit_color '  style='color:#ffffff; '  itemprop=\"text\" ><h4 style=\"text-align: center;\">\u00d6zel \u00dcretim<\/h4>\n<p style=\"text-align: center;\">Standart \u00fcretim d\u0131\u015f\u0131nda m\u00fc\u015fteriye \u00f6zel makina tasar\u0131m\u0131 imalat\u0131 ile sekt\u00f6r\u00fcn \u00f6nde gelenlerindendir.<\/p>\n<\/div><\/section><br \/>\n<div  style='height:8px' class='hr hr-invisible   avia-builder-el-4  el_after_av_textblock  avia-builder-el-last '><span class='hr-inner ' ><span class='hr-inner-style'><\/span><\/span><\/div><\/p><\/div><div class=\"flex_column av_one_third  no_margin flex_column_table_cell av-equal-height-column av-align-top   avia-builder-el-5  el_after_av_one_third  el_before_av_one_third  \" style='background: #007ad1; padding:40px; background-color:#007ad1; border-radius:0px; '><section class=\"av_textblock_section \"  itemscope=\"itemscope\" itemtype=\"https:\/\/schema.org\/CreativeWork\" ><div class='avia_textblock  av_inherit_color '  style='color:#ffffff; '  itemprop=\"text\" ><h4 style=\"text-align: center;\">Uzman Ekip<\/h4>\n<p style=\"text-align: center;\">\u0130htiya\u00e7lara uygun makine tasarlayan ve imalat\u0131n\u0131 yapan uzman ekibimiz, profesyonel \u00e7\u00f6z\u00fcmler sunar<\/p>\n<\/div><\/section><br \/>\n<div  style='height:8px' class='hr hr-invisible   avia-builder-el-7  el_after_av_textblock  avia-builder-el-last '><span class='hr-inner ' ><span class='hr-inner-style'><\/span><\/span><\/div><\/p><\/div><div class=\"flex_column av_one_third  no_margin flex_column_table_cell av-equal-height-column av-align-top   avia-builder-el-8  el_after_av_one_third  avia-builder-el-last  \" style='background: #0098cf; padding:40px; background-color:#0098cf; border-radius:0px; '><section class=\"av_textblock_section \"  itemscope=\"itemscope\" itemtype=\"https:\/\/schema.org\/CreativeWork\" ><div class='avia_textblock  av_inherit_color '  style='color:#ffffff; '  itemprop=\"text\" ><h4 style=\"text-align: center;\">Modern Ekipman<\/h4>\n<p style=\"text-align: center;\">Geli\u015fen teknoloji ile birlikte son sistem ekipmanlar\u0131m\u0131z ile hizmetinizdeyiz.<\/p>\n<\/div><\/section><br \/>\n<div  style='height:8px' class='hr hr-invisible   avia-builder-el-10  el_after_av_textblock  avia-builder-el-last '><span class='hr-inner ' ><span class='hr-inner-style'><\/span><\/span><\/div><\/p><\/div><\/div><!--close column table wrapper. Autoclose: 1 -->\n\n<\/div><\/div><\/div><!-- close content main div --><\/div><\/div><div id='av_section_2'  class='avia-section footer_color avia-section-default avia-no-border-styling  av-section-color-overlay-active avia-bg-style-scroll  avia-builder-el-11  el_after_av_section  el_before_av_section   container_wrap fullsize' style=' '  ><div class='av-section-color-overlay-wrap'><div class='av-section-color-overlay' style='opacity: 1; background-color: #dc2c1d; '><\/div><div class='container' ><div class='template-page content  av-content-full alpha units'><div class='post-entry post-entry-type-page post-entry-330'><div class='entry-content-wrapper clearfix'>\n<div class=\"flex_column av_one_third  av-animated-generic bottom-to-top  flex_column_div avia-link-column av-column-link first  avia-builder-el-12  el_before_av_one_third  avia-builder-el-first  \" style='margin-top:20px; margin-bottom:20px; border-width:3px; border-color:#3b2b98; border-style:solid; box-shadow: 0 0 3px 0 #3b2b98; padding:10px; border-radius:5px; ' data-link-column-url=\"https:\/\/teknocermakina.com\/?portfolio=saplama-kaynak-uygulamalari-sok-vida\" ><a class=\"av-screen-reader-only\" href=https:\/\/teknocermakina.com\/?portfolio=saplama-kaynak-uygulamalari-sok-vida >Link to: Saplama Kaynak Uygulamalar\u0131 (\u015eok Vida)<\/a><p><div  style='height:8px' class='hr hr-invisible   avia-builder-el-13  el_before_av_image  avia-builder-el-first '><span class='hr-inner ' ><span class='hr-inner-style'><\/span><\/span><\/div><br \/>\n<div  class='avia-image-container  av-styling-    avia-builder-el-14  el_after_av_hr  el_before_av_heading  avia-align-center '  itemprop=\"image\" itemscope=\"itemscope\" itemtype=\"https:\/\/schema.org\/ImageObject\"  ><div class='avia-image-container-inner'><div class='avia-image-overlay-wrap'><img decoding=\"async\" class='wp-image-1504 avia-img-lazy-loading-not-1504 avia_image' src=\"https:\/\/teknocermakina.com\/wp-content\/uploads\/2021\/10\/tgh1530-gen2-yansimali-b1604391791-300x225.jpg\" alt='' title='tgh1530-gen2-yansimali-b1604391791' height=\"225\" width=\"300\"  itemprop=\"thumbnailUrl\" srcset=\"https:\/\/teknocermakina.com\/wp-content\/uploads\/2021\/10\/tgh1530-gen2-yansimali-b1604391791-300x225.jpg 300w, https:\/\/teknocermakina.com\/wp-content\/uploads\/2021\/10\/tgh1530-gen2-yansimali-b1604391791-1030x773.jpg 1030w, https:\/\/teknocermakina.com\/wp-content\/uploads\/2021\/10\/tgh1530-gen2-yansimali-b1604391791-768x576.jpg 768w, https:\/\/teknocermakina.com\/wp-content\/uploads\/2021\/10\/tgh1530-gen2-yansimali-b1604391791-1536x1152.jpg 1536w, https:\/\/teknocermakina.com\/wp-content\/uploads\/2021\/10\/tgh1530-gen2-yansimali-b1604391791-1500x1125.jpg 1500w, https:\/\/teknocermakina.com\/wp-content\/uploads\/2021\/10\/tgh1530-gen2-yansimali-b1604391791-705x529.jpg 705w, https:\/\/teknocermakina.com\/wp-content\/uploads\/2021\/10\/tgh1530-gen2-yansimali-b1604391791.jpg 1632w\" sizes=\"(max-width: 300px) 100vw, 300px\" \/><\/div><\/div><\/div><br \/>\n<div  style='padding-bottom:20px; font-size:29px;' class='av-special-heading av-special-heading-h3  blockquote modern-quote modern-centered  avia-builder-el-15  el_after_av_image  avia-builder-el-last  av-inherit-size '><h3 class='av-special-heading-tag '  itemprop=\"headline\"  >LAZER KES\u0130M (0,4 MM \/ 20 MM)<\/h3><div class='special-heading-border'><div class='special-heading-inner-border' ><\/div><\/div><\/div><\/p><\/div><div class=\"flex_column av_one_third  av-animated-generic bottom-to-top  flex_column_div avia-link-column av-column-link   avia-builder-el-16  el_after_av_one_third  el_before_av_one_third  \" style='margin-top:20px; margin-bottom:20px; border-width:3px; border-color:#3b2b98; border-style:solid; box-shadow: 0 0 3px 0 #3b2b98; padding:10px; border-radius:5px; ' data-link-column-url=\"https:\/\/teknocermakina.com\/?portfolio=sac-kesim-bukum\" ><a class=\"av-screen-reader-only\" href=https:\/\/teknocermakina.com\/?portfolio=sac-kesim-bukum >Link to: CNC Abkant B\u00fck\u00fcm<\/a><p><div  style='height:8px' class='hr hr-invisible   avia-builder-el-17  el_before_av_image  avia-builder-el-first '><span class='hr-inner ' ><span class='hr-inner-style'><\/span><\/span><\/div><br \/>\n<div  class='avia-image-container  av-styling-    avia-builder-el-18  el_after_av_hr  el_before_av_heading  avia-align-center '  itemprop=\"image\" itemscope=\"itemscope\" itemtype=\"https:\/\/schema.org\/ImageObject\"  ><div class='avia-image-container-inner'><div class='avia-image-overlay-wrap'><img decoding=\"async\" class='wp-image-1424 avia-img-lazy-loading-not-1424 avia_image' src=\"https:\/\/teknocermakina.com\/wp-content\/uploads\/2021\/07\/abkant-300x258.jpg\" alt='' title='abkant' height=\"258\" width=\"300\"  itemprop=\"thumbnailUrl\" srcset=\"https:\/\/teknocermakina.com\/wp-content\/uploads\/2021\/07\/abkant-300x258.jpg 300w, https:\/\/teknocermakina.com\/wp-content\/uploads\/2021\/07\/abkant-768x661.jpg 768w, https:\/\/teknocermakina.com\/wp-content\/uploads\/2021\/07\/abkant-705x607.jpg 705w, https:\/\/teknocermakina.com\/wp-content\/uploads\/2021\/07\/abkant.jpg 1024w\" sizes=\"(max-width: 300px) 100vw, 300px\" \/><\/div><\/div><\/div><br \/>\n<div  style='padding-bottom:20px; font-size:29px;' class='av-special-heading av-special-heading-h3  blockquote modern-quote modern-centered  avia-builder-el-19  el_after_av_image  avia-builder-el-last  av-inherit-size '><h3 class='av-special-heading-tag '  itemprop=\"headline\"  >CNC Abkant B\u00fck\u00fcm<\/h3><div class='special-heading-border'><div class='special-heading-inner-border' ><\/div><\/div><\/div><\/p><\/div><div class=\"flex_column av_one_third  av-animated-generic bottom-to-top  flex_column_div avia-link-column av-column-link   avia-builder-el-20  el_after_av_one_third  el_before_av_one_third  \" style='margin-top:20px; margin-bottom:20px; border-width:3px; border-color:#3b2b98; border-style:solid; box-shadow: 0 0 3px 0 #3b2b98; padding:10px; border-radius:5px; ' data-link-column-url=\"https:\/\/teknocermakina.com\/?portfolio=sac-isleme\" ><a class=\"av-screen-reader-only\" href=https:\/\/teknocermakina.com\/?portfolio=sac-isleme >Link to: Sac Kesim ve \u0130\u015fleme<\/a><p><div  style='height:8px' class='hr hr-invisible   avia-builder-el-21  el_before_av_image  avia-builder-el-first '><span class='hr-inner ' ><span class='hr-inner-style'><\/span><\/span><\/div><br \/>\n<div  class='avia-image-container  av-styling-    avia-builder-el-22  el_after_av_hr  el_before_av_heading  avia-align-center '  itemprop=\"image\" itemscope=\"itemscope\" itemtype=\"https:\/\/schema.org\/ImageObject\"  ><div class='avia-image-container-inner'><div class='avia-image-overlay-wrap'><img decoding=\"async\" class='wp-image-1425 avia-img-lazy-loading-not-1425 avia_image' src=\"https:\/\/teknocermakina.com\/wp-content\/uploads\/2021\/07\/giyotin-300x203.jpg\" alt='' title='giyotin' height=\"203\" width=\"300\"  itemprop=\"thumbnailUrl\" srcset=\"https:\/\/teknocermakina.com\/wp-content\/uploads\/2021\/07\/giyotin-300x203.jpg 300w, https:\/\/teknocermakina.com\/wp-content\/uploads\/2021\/07\/giyotin-768x518.jpg 768w, https:\/\/teknocermakina.com\/wp-content\/uploads\/2021\/07\/giyotin-705x476.jpg 705w, https:\/\/teknocermakina.com\/wp-content\/uploads\/2021\/07\/giyotin.jpg 800w\" sizes=\"(max-width: 300px) 100vw, 300px\" \/><\/div><\/div><\/div><br \/>\n<div  style='padding-bottom:20px; font-size:29px;' class='av-special-heading av-special-heading-h3  blockquote modern-quote modern-centered  avia-builder-el-23  el_after_av_image  avia-builder-el-last  av-inherit-size '><h3 class='av-special-heading-tag '  itemprop=\"headline\"  >SAC KES\u0130M<\/h3><div class='special-heading-border'><div class='special-heading-inner-border' ><\/div><\/div><\/div><\/p><\/div><div class=\"flex_column av_one_third  av-animated-generic bottom-to-top  flex_column_div avia-link-column av-column-link first  avia-builder-el-24  el_after_av_one_third  el_before_av_one_third  column-top-margin\" style='margin-top:20px; margin-bottom:20px; border-width:3px; border-color:#3b2b98; border-style:solid; box-shadow: 0 0 3px 0 #3b2b98; padding:10px; border-radius:5px; ' data-link-column-url=\"https:\/\/teknocermakina.com\/?portfolio=kaynak\" ><a class=\"av-screen-reader-only\" href=https:\/\/teknocermakina.com\/?portfolio=kaynak >Link to: Hidrolik Pres<\/a><p><div  style='height:8px' class='hr hr-invisible   avia-builder-el-25  el_before_av_image  avia-builder-el-first '><span class='hr-inner ' ><span class='hr-inner-style'><\/span><\/span><\/div><br \/>\n<div  class='avia-image-container  av-styling-    avia-builder-el-26  el_after_av_hr  el_before_av_heading  avia-align-center '  itemprop=\"image\" itemscope=\"itemscope\" itemtype=\"https:\/\/schema.org\/ImageObject\"  ><div class='avia-image-container-inner'><div class='avia-image-overlay-wrap'><img decoding=\"async\" class='wp-image-1426 avia-img-lazy-loading-not-1426 avia_image' src=\"https:\/\/teknocermakina.com\/wp-content\/uploads\/2021\/07\/halimusta-227x300.png\" alt='' title='halimusta' height=\"300\" width=\"227\"  itemprop=\"thumbnailUrl\" srcset=\"https:\/\/teknocermakina.com\/wp-content\/uploads\/2021\/07\/halimusta-227x300.png 227w, https:\/\/teknocermakina.com\/wp-content\/uploads\/2021\/07\/halimusta.png 310w\" sizes=\"(max-width: 227px) 100vw, 227px\" \/><\/div><\/div><\/div><br \/>\n<div  style='padding-bottom:20px; font-size:29px;' class='av-special-heading av-special-heading-h3  blockquote modern-quote modern-centered  avia-builder-el-27  el_after_av_image  avia-builder-el-last  av-inherit-size '><h3 class='av-special-heading-tag '  itemprop=\"headline\"  >H\u0130DROL\u0130K PRES<\/h3><div class='special-heading-border'><div class='special-heading-inner-border' ><\/div><\/div><\/div><\/p><\/div><div class=\"flex_column av_one_third  av-animated-generic bottom-to-top  flex_column_div avia-link-column av-column-link   avia-builder-el-28  el_after_av_one_third  el_before_av_one_third  column-top-margin\" style='margin-top:20px; margin-bottom:20px; border-width:3px; border-color:#3b2b98; border-style:solid; box-shadow: 0 0 3px 0 #3b2b98; padding:10px; border-radius:5px; ' data-link-column-url=\"https:\/\/teknocermakina.com\/?portfolio=eksantrik-pres\" ><a class=\"av-screen-reader-only\" href=https:\/\/teknocermakina.com\/?portfolio=eksantrik-pres >Link to: Eksantrik Pres<\/a><p><div  style='height:8px' class='hr hr-invisible   avia-builder-el-29  el_before_av_image  avia-builder-el-first '><span class='hr-inner ' ><span class='hr-inner-style'><\/span><\/span><\/div><br \/>\n<div  class='avia-image-container  av-styling-    avia-builder-el-30  el_after_av_hr  el_before_av_heading  avia-align-center '  itemprop=\"image\" itemscope=\"itemscope\" itemtype=\"https:\/\/schema.org\/ImageObject\"  ><div class='avia-image-container-inner'><div class='avia-image-overlay-wrap'><img decoding=\"async\" class='wp-image-1427 avia-img-lazy-loading-not-1427 avia_image' src=\"https:\/\/teknocermakina.com\/wp-content\/uploads\/2021\/07\/eksantriku-300x300.jpg\" alt='' title='eksantrik\u00fc' height=\"300\" width=\"300\"  itemprop=\"thumbnailUrl\" srcset=\"https:\/\/teknocermakina.com\/wp-content\/uploads\/2021\/07\/eksantriku-300x300.jpg 300w, https:\/\/teknocermakina.com\/wp-content\/uploads\/2021\/07\/eksantriku-80x80.jpg 80w, https:\/\/teknocermakina.com\/wp-content\/uploads\/2021\/07\/eksantriku-36x36.jpg 36w, https:\/\/teknocermakina.com\/wp-content\/uploads\/2021\/07\/eksantriku-180x180.jpg 180w, https:\/\/teknocermakina.com\/wp-content\/uploads\/2021\/07\/eksantriku.jpg 512w\" sizes=\"(max-width: 300px) 100vw, 300px\" \/><\/div><\/div><\/div><br \/>\n<div  style='padding-bottom:20px; font-size:29px;' class='av-special-heading av-special-heading-h3  blockquote modern-quote modern-centered  avia-builder-el-31  el_after_av_image  avia-builder-el-last  av-inherit-size '><h3 class='av-special-heading-tag '  itemprop=\"headline\"  >EKSANTR\u0130K PRES<\/h3><div class='special-heading-border'><div class='special-heading-inner-border' ><\/div><\/div><\/div><\/p><\/div><div class=\"flex_column av_one_third  av-animated-generic bottom-to-top  flex_column_div avia-link-column av-column-link   avia-builder-el-32  el_after_av_one_third  avia-builder-el-last  column-top-margin\" style='margin-top:20px; margin-bottom:20px; border-width:3px; border-color:#3b2b98; border-style:solid; box-shadow: 0 0 3px 0 #3b2b98; padding:10px; border-radius:5px; ' data-link-column-url=\"https:\/\/teknocermakina.com\/?portfolio=kaynakli-imalat\" ><a class=\"av-screen-reader-only\" href=https:\/\/teknocermakina.com\/?portfolio=kaynakli-imalat >Link to: Kaynakl\u0131 \u0130malat<\/a><p><div  style='height:8px' class='hr hr-invisible   avia-builder-el-33  el_before_av_image  avia-builder-el-first '><span class='hr-inner ' ><span class='hr-inner-style'><\/span><\/span><\/div><br \/>\n<div  class='avia-image-container  av-styling-    avia-builder-el-34  el_after_av_hr  el_before_av_heading  avia-align-center '  itemprop=\"image\" itemscope=\"itemscope\" itemtype=\"https:\/\/schema.org\/ImageObject\"  ><div class='avia-image-container-inner'><div class='avia-image-overlay-wrap'><img decoding=\"async\" class='wp-image-1428 avia-img-lazy-loading-not-1428 avia_image' src=\"https:\/\/teknocermakina.com\/wp-content\/uploads\/2021\/07\/kaynak-300x208.jpg\" alt='' title='kaynak' height=\"208\" width=\"300\"  itemprop=\"thumbnailUrl\" srcset=\"https:\/\/teknocermakina.com\/wp-content\/uploads\/2021\/07\/kaynak-300x208.jpg 300w, https:\/\/teknocermakina.com\/wp-content\/uploads\/2021\/07\/kaynak.jpg 650w\" sizes=\"(max-width: 300px) 100vw, 300px\" \/><\/div><\/div><\/div><br \/>\n<div  style='padding-bottom:20px; font-size:29px;' class='av-special-heading av-special-heading-h3  blockquote modern-quote modern-centered  avia-builder-el-35  el_after_av_image  avia-builder-el-last  av-inherit-size '><h3 class='av-special-heading-tag '  itemprop=\"headline\"  >KAYNAKLI \u0130MALAT<\/h3><div class='special-heading-border'><div class='special-heading-inner-border' ><\/div><\/div><\/div><\/p><\/div><\/div><\/div><\/div><!-- close content main div --><\/div><\/div><\/div><div id='referans'  class='avia-section alternate_color avia-section-default avia-no-border-styling  avia-bg-style-scroll  avia-builder-el-36  el_after_av_section  avia-builder-el-last   container_wrap fullsize' style=' '  ><div class='container' ><div class='template-page content  av-content-full alpha units'><div class='post-entry post-entry-type-page post-entry-330'><div class='entry-content-wrapper clearfix'>\n<div  style='padding-bottom:10px; ' class='av-special-heading av-special-heading-h3  blockquote modern-quote modern-centered  avia-builder-el-37  el_before_av_partner  avia-builder-el-first  '><h3 class='av-special-heading-tag '  itemprop=\"headline\"  >Referanslar\u0131m\u0131z<\/h3><div class='special-heading-border'><div class='special-heading-inner-border' ><\/div><\/div><\/div>\n<div  id=\"referanslar\"   data-autoplay='false'  data-interval='5'  data-animation='slide'  class='avia-logo-element-container  avia-logo-slider avia-content-slider avia-smallarrow-slider avia-content-slider-active noHover avia-content-slider1 avia-content-slider-odd  avia-builder-el-38  el_after_av_heading  avia-builder-el-last  ' ><div class='avia-smallarrow-slider-heading  no-logo-slider-heading '><div class='new-special-heading'>&nbsp;<\/div><div class='avia-slideshow-arrows avia-slideshow-controls'><a href='#prev' class='prev-slide' aria-hidden='true' data-av_icon='\ue87c' data-av_iconfont='entypo-fontello'>\u00d6nceki<\/a><a href='#next' class='next-slide' aria-hidden='true' data-av_icon='\ue87d' data-av_iconfont='entypo-fontello'>Sonraki<\/a><\/div><\/div><div class='avia-content-slider-inner'><div class='slide-entry-wrap' ><div  class='slide-entry flex_column no_margin post-entry slide-entry-overview slide-loop-1 slide-parity-odd  av_one_fifth first real-thumbnail'><span class='av-partner-fake-img' style='padding-bottom:92.043895747599%; background-image:url(https:\/\/teknocermakina.com\/wp-content\/uploads\/2021\/07\/tcdd-1.png);'><\/span><\/div><div  class='slide-entry flex_column no_margin post-entry slide-entry-overview slide-loop-2 slide-parity-even  av_one_fifth  real-thumbnail'><span class='av-partner-fake-img' style='padding-bottom:92.043895747599%; background-image:url(https:\/\/teknocermakina.com\/wp-content\/uploads\/2021\/07\/tcdd.png);'><\/span><\/div><div  class='slide-entry flex_column no_margin post-entry slide-entry-overview slide-loop-3 slide-parity-odd  av_one_fifth  real-thumbnail'><span class='av-partner-fake-img' style='padding-bottom:92.043895747599%; background-image:url(https:\/\/teknocermakina.com\/wp-content\/uploads\/2021\/07\/ego.jpg);'><\/span><\/div><div  class='slide-entry flex_column no_margin post-entry slide-entry-overview slide-loop-4 slide-parity-even  av_one_fifth  real-thumbnail'><span class='av-partner-fake-img' style='padding-bottom:92.043895747599%; background-image:url(https:\/\/teknocermakina.com\/wp-content\/uploads\/2021\/07\/tigem.jpg);'><\/span><\/div><div  class='slide-entry flex_column no_margin post-entry slide-entry-overview slide-loop-5 slide-parity-odd  av_one_fifth  real-thumbnail'><span class='av-partner-fake-img' style='padding-bottom:92.043895747599%; background-image:url(https:\/\/teknocermakina.com\/wp-content\/uploads\/2021\/07\/turk-seker.jpg);'><\/span><\/div><\/div><div class='slide-entry-wrap' ><div  class='slide-entry flex_column no_margin post-entry slide-entry-overview slide-loop-6 slide-parity-odd  av_one_fifth first real-thumbnail'><span class='av-partner-fake-img' style='padding-bottom:92.043895747599%; background-image:url(https:\/\/teknocermakina.com\/wp-content\/uploads\/2021\/07\/yht.png);'><\/span><\/div><div  class='slide-entry flex_column no_margin post-entry slide-entry-overview slide-loop-7 slide-parity-even  post-entry-last  av_one_fifth  real-thumbnail'><span class='av-partner-fake-img' style='padding-bottom:92.043895747599%; background-image:url(https:\/\/teknocermakina.com\/wp-content\/uploads\/2021\/07\/mke.png);'><\/span><\/div><\/div><\/div><\/div>\n<\/p>\n","protected":false},"excerpt":{"rendered":"","protected":false},"author":1,"featured_media":0,"parent":0,"menu_order":0,"comment_status":"closed","ping_status":"open","template":"","meta":{"_mi_skip_tracking":false,"_monsterinsights_sitenote_active":false,"_monsterinsights_sitenote_note":"","_monsterinsights_sitenote_category":0,"footnotes":""},"class_list":["post-330","page","type-page","status-publish","hentry"],"aioseo_notices":[],"_links":{"self":[{"href":"https:\/\/teknocermakina.com\/index.php?rest_route=\/wp\/v2\/pages\/330","targetHints":{"allow":["GET"]}}],"collection":[{"href":"https:\/\/teknocermakina.com\/index.php?rest_route=\/wp\/v2\/pages"}],"about":[{"href":"https:\/\/teknocermakina.com\/index.php?rest_route=\/wp\/v2\/types\/page"}],"author":[{"embeddable":true,"href":"https:\/\/teknocermakina.com\/index.php?rest_route=\/wp\/v2\/users\/1"}],"replies":[{"embeddable":true,"href":"https:\/\/teknocermakina.com\/index.php?rest_route=%2Fwp%2Fv2%2Fcomments&post=330"}],"version-history":[{"count":40,"href":"https:\/\/teknocermakina.com\/index.php?rest_route=\/wp\/v2\/pages\/330\/revisions"}],"predecessor-version":[{"id":1505,"href":"https:\/\/teknocermakina.com\/index.php?rest_route=\/wp\/v2\/pages\/330\/revisions\/1505"}],"wp:attachment":[{"href":"https:\/\/teknocermakina.com\/index.php?rest_route=%2Fwp%2Fv2%2Fmedia&parent=330"}],"curies":[{"name":"wp","href":"https:\/\/api.w.org\/{rel}","templated":true}]}}