{"id":950,"date":"2016-07-15T14:19:20","date_gmt":"2016-07-15T14:19:20","guid":{"rendered":"http:\/\/test.kriesi.at\/enfold-medical\/?page_id=950"},"modified":"2021-07-08T13:04:28","modified_gmt":"2021-07-08T10:04:28","slug":"hakkimizda","status":"publish","type":"page","link":"https:\/\/teknocermakina.com\/?page_id=950","title":{"rendered":"Hakk\u0131m\u0131zda"},"content":{"rendered":"<div id='av-layout-grid-1'  class='av-layout-grid-container entry-content-wrapper main_color av-flex-cells     avia-builder-el-0  el_before_av_section  avia-builder-el-first  container_wrap fullsize' style=' '  >\n<div class=\"flex_cell no_margin av_one_half  avia-builder-el-1  el_before_av_cell_one_half  avia-builder-el-first   avia-full-stretch \"  style='height:500px; min-height:500px;vertical-align:middle; padding:80px; background-color:#22689e; ' ><div class='flex_cell_inner' ><p><div  style='padding-bottom:25px; color:#ffffff;font-size:34px;' class='av-special-heading av-special-heading-h3 custom-color-heading blockquote modern-quote  avia-builder-el-2  el_before_av_textblock  avia-builder-el-first  av-inherit-size '><h3 class='av-special-heading-tag '  itemprop=\"headline\"  >Temel De\u011ferlerimiz<\/h3><div class='special-heading-border'><div class='special-heading-inner-border' style='border-color:#ffffff'><\/div><\/div><\/div><br \/>\n<section class=\"av_textblock_section \"  itemscope=\"itemscope\" itemtype=\"https:\/\/schema.org\/CreativeWork\" ><div class='avia_textblock  av_inherit_color '  style='color:#ffffff; '  itemprop=\"text\" ><ul>\n<li>Disiplin<\/li>\n<li>%100 M\u00fc\u015fteri Memnuniyeti<\/li>\n<li>Hizmette M\u00fckemmellik<\/li>\n<li>Ekip \u00c7al\u0131\u015fmas\u0131<\/li>\n<li>S\u00f6z\u00fcnde Durmak<\/li>\n<li>Stratejik Ortakl\u0131k ve Y\u0131llarca Beraber Olma<\/li>\n<li>Liderlik Bilinci<\/li>\n<li>Takdir Etme<\/li>\n<li>Yarat\u0131c\u0131l\u0131k<\/li>\n<\/ul>\n<\/div><\/section><\/p>\n<\/div><\/div><div class=\"flex_cell no_margin av_one_half  avia-builder-el-4  el_after_av_cell_one_half  avia-builder-el-last   avia-full-stretch \"  style='height:500px; min-height:500px;background:url(https:\/\/teknocermakina.com\/wp-content\/uploads\/2016\/07\/corporate-buildings-m-845x684.jpg) center center no-repeat scroll; vertical-align:middle; padding:80px; background-color:#22689e; ' ><div class='flex_cell_inner' ><\/div><\/div><\/div><div id='av_section_1'  class='avia-section main_color avia-section-huge avia-no-border-styling  avia-bg-style-scroll  avia-builder-el-5  el_after_av_layout_row  avia-builder-el-last   container_wrap fullsize' style=' '  ><div class='container' ><div class='template-page content  av-content-full alpha units'><div class='post-entry post-entry-type-page post-entry-950'><div class='entry-content-wrapper clearfix'>\n<div class=\"flex_column av_one_half  av-animated-generic bottom-to-top  flex_column_div av-zero-column-padding first  avia-builder-el-6  el_before_av_one_half  avia-builder-el-first  \" style='border-radius:0px; '><p><div  style='padding-bottom:20px; font-size:34px;' class='av-special-heading av-special-heading-h3  blockquote modern-quote  avia-builder-el-7  el_before_av_textblock  avia-builder-el-first  av-inherit-size '><div class ='av-subheading av-subheading_above  ' style='font-size:15px;'><p>Teknocer Makina<\/p>\n<\/div><h3 class='av-special-heading-tag '  itemprop=\"headline\"  >Misyonumuz<\/h3><div class='special-heading-border'><div class='special-heading-inner-border' ><\/div><\/div><\/div><br \/>\n<section class=\"av_textblock_section \"  itemscope=\"itemscope\" itemtype=\"https:\/\/schema.org\/CreativeWork\" ><div class='avia_textblock  '   itemprop=\"text\" ><p>Hedeflerimiz do\u011frultusunda m\u00fc\u015fterilerimizin beklentileri \u00f6tesinde de\u011fer yaratacak hizmeti sunmak, sekt\u00f6r\u00fcm\u00fczde \u00f6nc\u00fc ve \u00f6rnek bir kurulu\u015f niteli\u011fi s\u00fcrd\u00fcrmek.<\/p>\n<p>Ba\u015far\u0131 i\u00e7in;<\/p>\n<ul>\n<li>Performans<\/li>\n<li>\u00d6zelliklere ve standartlara uygunluk<\/li>\n<li>Hizmete ili\u015fkin sorunlar\u0131n ve \u015fikayetlerin \u00e7\u00f6z\u00fclebilirli\u011fi<\/li>\n<li>Kabul g\u00f6rmek<\/li>\n<li>K\u0131saca: KAL\u0130TE<\/li>\n<\/ul>\n<\/div><\/section><\/p><\/div><div class=\"flex_column av_one_half  av-animated-generic bottom-to-top  flex_column_div av-zero-column-padding   avia-builder-el-9  el_after_av_one_half  avia-builder-el-last  \" style='border-radius:0px; '><p><div  style='padding-bottom:20px; font-size:34px;' class='av-special-heading av-special-heading-h3  blockquote modern-quote  avia-builder-el-10  el_before_av_textblock  avia-builder-el-first  av-inherit-size '><div class ='av-subheading av-subheading_above  ' style='font-size:15px;'><p>Teknocer Makina<\/p>\n<\/div><h3 class='av-special-heading-tag '  itemprop=\"headline\"  >Vizyonumuz<\/h3><div class='special-heading-border'><div class='special-heading-inner-border' ><\/div><\/div><\/div><br \/>\n<section class=\"av_textblock_section \"  itemscope=\"itemscope\" itemtype=\"https:\/\/schema.org\/CreativeWork\" ><div class='avia_textblock  '   itemprop=\"text\" ><ul>\n<li>Her an, her yerde ve her a\u015famada Ko\u015fulsuz M\u00fc\u015fteri memnuniyetini esas almak<\/li>\n<li>Kalitenin bir ya\u015fam bi\u00e7imi olarak ilerleme ve geli\u015fmenin alt yap\u0131s\u0131 olmas\u0131n\u0131 sa\u011flamak ve bu anlay\u0131\u015f\u0131 uygun hale getirmek<\/li>\n<li>\u015eirketimiz T\u00fcrk ekonomisinde, i\u015f hayat\u0131nda, i\u015f ahlak\u0131 ve kurum k\u00fclt\u00fcr\u00fc normlar\u0131nda k\u0131ymet yaratarak s\u00fcrekli ya\u015fayacak bir i\u015fletme olmas\u0131n\u0131 ama\u00e7layan ilkelere ba\u011fl\u0131 kalmak<\/li>\n<li>Faaliyet alanlar\u0131m\u0131zda s\u00fcrekli b\u00fcy\u00fcyerek sekt\u00f6r\u00fcm\u00fczde lider firma konumuna gelmek ve bunu kal\u0131c\u0131 k\u0131lmak<\/li>\n<\/ul>\n<\/div><\/section><\/p><\/div>\n<\/p>\n","protected":false},"excerpt":{"rendered":"","protected":false},"author":1,"featured_media":0,"parent":0,"menu_order":0,"comment_status":"closed","ping_status":"closed","template":"","meta":{"_mi_skip_tracking":false,"_monsterinsights_sitenote_active":false,"_monsterinsights_sitenote_note":"","_monsterinsights_sitenote_category":0,"footnotes":""},"class_list":["post-950","page","type-page","status-publish","hentry"],"aioseo_notices":[],"_links":{"self":[{"href":"https:\/\/teknocermakina.com\/index.php?rest_route=\/wp\/v2\/pages\/950","targetHints":{"allow":["GET"]}}],"collection":[{"href":"https:\/\/teknocermakina.com\/index.php?rest_route=\/wp\/v2\/pages"}],"about":[{"href":"https:\/\/teknocermakina.com\/index.php?rest_route=\/wp\/v2\/types\/page"}],"author":[{"embeddable":true,"href":"https:\/\/teknocermakina.com\/index.php?rest_route=\/wp\/v2\/users\/1"}],"replies":[{"embeddable":true,"href":"https:\/\/teknocermakina.com\/index.php?rest_route=%2Fwp%2Fv2%2Fcomments&post=950"}],"version-history":[{"count":7,"href":"https:\/\/teknocermakina.com\/index.php?rest_route=\/wp\/v2\/pages\/950\/revisions"}],"predecessor-version":[{"id":1482,"href":"https:\/\/teknocermakina.com\/index.php?rest_route=\/wp\/v2\/pages\/950\/revisions\/1482"}],"wp:attachment":[{"href":"https:\/\/teknocermakina.com\/index.php?rest_route=%2Fwp%2Fv2%2Fmedia&parent=950"}],"curies":[{"name":"wp","href":"https:\/\/api.w.org\/{rel}","templated":true}]}}